{"id":3,"date":"2026-02-11T10:58:29","date_gmt":"2026-02-11T10:58:29","guid":{"rendered":"https:\/\/www.studiokori.de\/?page_id=3"},"modified":"2026-04-13T08:54:47","modified_gmt":"2026-04-13T08:54:47","slug":"privacy-policy","status":"publish","type":"page","link":"https:\/\/www.studiokori.de\/index.php\/privacy-policy\/","title":{"rendered":"Privacy Policy"},"content":{"rendered":"\t\t<div data-elementor-type=\"wp-page\" data-elementor-id=\"3\" class=\"elementor elementor-3\" data-elementor-post-type=\"page\">\n\t\t\t\t<div class=\"elementor-element elementor-element-d79f581 e-flex e-con-boxed e-con e-parent\" data-id=\"d79f581\" data-element_type=\"container\" data-e-type=\"container\">\n\t\t\t\t\t<div class=\"e-con-inner\">\n\t\t\t\t<div class=\"elementor-element elementor-element-46429d9e elementor-widget elementor-widget-text-editor\" data-id=\"46429d9e\" data-element_type=\"widget\" data-e-type=\"widget\" data-widget_type=\"text-editor.default\">\n\t\t\t\t\t\t\t\t\t\n<h3 class=\"wp-block-heading\" data-start=\"277\" data-end=\"303\"><strong data-start=\"277\" data-end=\"303\">1. Allgemeine Hinweise<\/strong><\/h3>\n<p data-start=\"305\" data-end=\"520\">Der Schutz Ihrer pers\u00f6nlichen Daten ist uns ein wichtiges Anliegen. Wir behandeln Ihre personenbezogenen Daten vertraulich und entsprechend den gesetzlichen Datenschutzvorschriften sowie dieser Datenschutzerkl\u00e4rung.<\/p>\n<h3 data-start=\"527\" data-end=\"556\"><strong data-start=\"527\" data-end=\"556\">2. Verantwortliche Stelle<\/strong><\/h3>\n<p data-start=\"558\" data-end=\"649\">Studio Kori<br data-start=\"569\" data-end=\"572\" \/>Inhaber: Gjorgi Bedzovski<br data-start=\"597\" data-end=\"600\" \/>Skalitzer Stra\u00dfe 4<br data-start=\"618\" data-end=\"621\" \/>10999 Berlin<br data-start=\"633\" data-end=\"636\" \/>Deutschland<\/p>\n<p data-start=\"651\" data-end=\"678\">E-Mail: <a class=\"decorated-link cursor-pointer\" rel=\"noopener\" data-start=\"659\" data-end=\"676\">hey@studiokori.de<\/a><\/p>\n<h3 data-start=\"685\" data-end=\"740\"><strong data-start=\"685\" data-end=\"740\">3. Erhebung und Speicherung personenbezogener Daten<\/strong><\/h3>\n<p data-start=\"742\" data-end=\"878\">Beim Besuch dieser Website werden durch den Hosting-Provider automatisch Informationen erfasst (sogenannte Server-Logfiles). Diese sind:<\/p>\n<ul data-start=\"880\" data-end=\"1010\">\n<li data-section-id=\"1h0uk97\" data-start=\"880\" data-end=\"894\">IP-Adresse<\/li>\n<li data-section-id=\"wzs3a0\" data-start=\"895\" data-end=\"928\">Datum und Uhrzeit der Anfrage<\/li>\n<li data-section-id=\"lq55n4\" data-start=\"929\" data-end=\"962\">Browsertyp und Browserversion<\/li>\n<li data-section-id=\"16zjdan\" data-start=\"963\" data-end=\"993\">verwendetes Betriebssystem<\/li>\n<li data-section-id=\"anwpz4\" data-start=\"994\" data-end=\"1010\">Referrer URL<\/li>\n<\/ul>\n<p data-start=\"1012\" data-end=\"1138\">Diese Daten sind technisch erforderlich, um die Website korrekt anzuzeigen und die Stabilit\u00e4t und Sicherheit zu gew\u00e4hrleisten.<\/p>\n<p data-start=\"1140\" data-end=\"1187\"><strong data-start=\"1140\" data-end=\"1160\">Rechtsgrundlage:<\/strong> Art. 6 Abs. 1 lit. f DSGVO<\/p>\n<h3 data-start=\"1194\" data-end=\"1228\"><strong data-start=\"1194\" data-end=\"1228\">4. Kontaktformular (Elementor)<\/strong><\/h3>\n<p data-start=\"1230\" data-end=\"1446\">Wenn Sie uns \u00fcber ein Formular kontaktieren, werden Ihre Angaben aus dem Formular inklusive der von Ihnen dort angegebenen Kontaktdaten zwecks Bearbeitung der Anfrage und f\u00fcr den Fall von Anschlussfragen gespeichert.<\/p>\n<p data-start=\"1448\" data-end=\"1506\">Diese Daten geben wir nicht ohne Ihre Einwilligung weiter.<\/p>\n<p data-start=\"1508\" data-end=\"1530\"><strong data-start=\"1508\" data-end=\"1528\">Rechtsgrundlage:<\/strong><\/p>\n<ul data-start=\"1531\" data-end=\"1651\">\n<li data-section-id=\"gnl65h\" data-start=\"1531\" data-end=\"1607\">Art. 6 Abs. 1 lit. b DSGVO (zur Durchf\u00fchrung vorvertraglicher Ma\u00dfnahmen)<\/li>\n<li data-section-id=\"mq6940\" data-start=\"1608\" data-end=\"1651\">Art. 6 Abs. 1 lit. a DSGVO (Einwilligung)<\/li>\n<\/ul>\n<h3 data-start=\"1658\" data-end=\"1672\"><strong data-start=\"1658\" data-end=\"1672\">5. Cookies<\/strong><\/h3>\n<p data-start=\"1674\" data-end=\"1742\">Diese Website verwendet ausschlie\u00dflich technisch notwendige Cookies.<\/p>\n<p data-start=\"1744\" data-end=\"1875\">Diese Cookies sind erforderlich, damit die Website korrekt funktioniert (z. B. zur Darstellung von Formularen oder zur Navigation).<\/p>\n<p data-start=\"1877\" data-end=\"1924\"><strong data-start=\"1877\" data-end=\"1897\">Rechtsgrundlage:<\/strong> Art. 6 Abs. 1 lit. f DSGVO<\/p>\n<h3 data-start=\"1931\" data-end=\"1949\"><strong data-start=\"1931\" data-end=\"1949\">6. Ihre Rechte<\/strong><\/h3>\n<p data-start=\"1951\" data-end=\"1981\">Sie haben jederzeit das Recht:<\/p>\n<ul data-start=\"1983\" data-end=\"2259\">\n<li data-section-id=\"2ebvpg\" data-start=\"1983\" data-end=\"2037\">Auskunft \u00fcber Ihre gespeicherten Daten zu erhalten<\/li>\n<li data-section-id=\"1szeh0\" data-start=\"2038\" data-end=\"2085\">Berichtigung unrichtiger Daten zu verlangen<\/li>\n<li data-section-id=\"1o53rqh\" data-start=\"2086\" data-end=\"2123\">L\u00f6schung Ihrer Daten zu verlangen<\/li>\n<li data-section-id=\"125wfcr\" data-start=\"2124\" data-end=\"2171\">Einschr\u00e4nkung der Verarbeitung zu verlangen<\/li>\n<li data-section-id=\"k4thg0\" data-start=\"2172\" data-end=\"2221\">Widerspruch gegen die Verarbeitung einzulegen<\/li>\n<li data-section-id=\"1yab3iw\" data-start=\"2222\" data-end=\"2259\">Daten\u00fcbertragbarkeit zu verlangen<\/li>\n<\/ul>\n<p data-start=\"2261\" data-end=\"2336\">Sie k\u00f6nnen sich au\u00dferdem bei einer Datenschutz-Aufsichtsbeh\u00f6rde beschweren.<\/p>\n<h3 data-start=\"2343\" data-end=\"2379\"><strong data-start=\"2343\" data-end=\"2379\">7. SSL- bzw. TLS-Verschl\u00fcsselung<\/strong><\/h3>\n<p data-start=\"2381\" data-end=\"2566\">Diese Seite nutzt aus Sicherheitsgr\u00fcnden eine SSL- bzw. TLS-Verschl\u00fcsselung. Eine verschl\u00fcsselte Verbindung erkennen Sie daran, dass die Adresszeile des Browsers mit \u201ehttps:\/\/\u201c beginnt.<\/p>\n<h3 data-start=\"2573\" data-end=\"2618\"><strong data-start=\"2573\" data-end=\"2618\">8. \u00c4nderungen dieser Datenschutzerkl\u00e4rung<\/strong><\/h3>\n<p data-start=\"2620\" data-end=\"2748\">Wir behalten uns vor, diese Datenschutzerkl\u00e4rung anzupassen, damit sie stets den aktuellen rechtlichen Anforderungen entspricht.<\/p>\t\t\t\t\t\t\t\t<\/div>\n\t\t\t\t\t<\/div>\n\t\t\t\t<\/div>\n\t\t\t\t<\/div>\n\t\t","protected":false},"excerpt":{"rendered":"<p>1. Allgemeine Hinweise Der Schutz Ihrer pers\u00f6nlichen Daten ist uns ein wichtiges Anliegen. Wir behandeln Ihre personenbezogenen Daten vertraulich und entsprechend den gesetzlichen Datenschutzvorschriften sowie dieser Datenschutzerkl\u00e4rung. 2. Verantwortliche Stelle Studio KoriInhaber: Gjorgi BedzovskiSkalitzer Stra\u00dfe 410999 BerlinDeutschland E-Mail: hey@studiokori.de 3. Erhebung und Speicherung personenbezogener Daten Beim Besuch dieser Website werden durch den Hosting-Provider automatisch Informationen [&hellip;]<\/p>\n","protected":false},"author":1,"featured_media":0,"parent":0,"menu_order":0,"comment_status":"closed","ping_status":"open","template":"","meta":{"footnotes":""},"class_list":["post-3","page","type-page","status-publish","hentry"],"_links":{"self":[{"href":"https:\/\/www.studiokori.de\/index.php\/wp-json\/wp\/v2\/pages\/3","targetHints":{"allow":["GET"]}}],"collection":[{"href":"https:\/\/www.studiokori.de\/index.php\/wp-json\/wp\/v2\/pages"}],"about":[{"href":"https:\/\/www.studiokori.de\/index.php\/wp-json\/wp\/v2\/types\/page"}],"author":[{"embeddable":true,"href":"https:\/\/www.studiokori.de\/index.php\/wp-json\/wp\/v2\/users\/1"}],"replies":[{"embeddable":true,"href":"https:\/\/www.studiokori.de\/index.php\/wp-json\/wp\/v2\/comments?post=3"}],"version-history":[{"count":3,"href":"https:\/\/www.studiokori.de\/index.php\/wp-json\/wp\/v2\/pages\/3\/revisions"}],"predecessor-version":[{"id":132,"href":"https:\/\/www.studiokori.de\/index.php\/wp-json\/wp\/v2\/pages\/3\/revisions\/132"}],"wp:attachment":[{"href":"https:\/\/www.studiokori.de\/index.php\/wp-json\/wp\/v2\/media?parent=3"}],"curies":[{"name":"wp","href":"https:\/\/api.w.org\/{rel}","templated":true}]}}